{"id":2154,"date":"2019-02-02T06:53:21","date_gmt":"2019-02-02T06:53:21","guid":{"rendered":"https:\/\/hosek.ch\/?page_id=2154"},"modified":"2025-10-07T04:23:09","modified_gmt":"2025-10-07T04:23:09","slug":"vorgehen","status":"publish","type":"page","link":"https:\/\/hosek.ch\/fr\/vorgehen\/","title":{"rendered":"&gt; L'approche"},"content":{"rendered":"<h3>Soin et  pr\u00e9cision dans le traitement des questions et des probl\u00e8mes vont de soi. Pour ce faire, nous proc\u00e9dons selon les \u00e9tapes suivantes. Dans certaines circonstances, le mandat peut \u00e9galement comprendre le traitement de quelques \u00e9tapes seulement.<\/h3>\n\n\n\n<p><\/p>\n\n\n\n<h3><strong>Clarification du mandat<\/strong><\/h3>\n\n\n\n<h3>La clarification du mandat permet d'am\u00e9liorer la compr\u00e9hension des faits, id\u00e9alement tant chez le futur contractant que chez le client potentiel. Cette phase est gratuite et permet de prendre une d\u00e9cision. Une offre individuelle est \u00e9tablie sur la base de la clarification de la mission.<\/h3>\n\n\n\n<p><\/p>\n\n\n\n<h3><strong>Recueil de faits<\/strong><\/h3>\n\n\n\n<h3>Des discussions, des entretiens et le traitement de documents et de donn\u00e9es permettent d'\u00e9tablir avec le client une vue d'ensemble de la situation.<\/h3>\n\n\n\n<p><\/p>\n\n\n\n<h3><strong>Analyse<\/strong><\/h3>\n\n\n\n<h3>Les instruments d'analyse peuvent \u00eatre de nature scientifique ou communicative. On peut penser ici \u00e0 l'analyse statistique des donn\u00e9es, \u00e0 la comparaison des objectifs et des r\u00e9sultats (par exemple avec la balanced Scorecard) ou \u00e0 des m\u00e9thodes herm\u00e9neutiques.<\/h3>\n\n\n\n<p><\/p>\n\n\n\n<h3><strong>Plan d'action<\/strong><\/h3>\n\n\n\n<h3>Apr\u00e8s avoir \u00e9tabli les faits, pr\u00e9cis\u00e9 la question et fix\u00e9 les objectifs, un plan d'action est \u00e9tabli et mis au point avec le client et les autres personnes \u00e9ventuellement impliqu\u00e9es.<\/h3>\n\n\n\n<p><\/p>\n\n\n\n<h3><strong>Mise en \u0153uvre<\/strong><\/h3>\n\n\n\n<h3>L'approche sera cibl\u00e9e et en m\u00eame temps diplomatique. <\/h3>\n\n\n\n<p><\/p>\n\n\n\n<h3><strong>Evaluation<\/strong><\/h3>\n\n\n\n<h3>Est-ce que c'est r\u00e9ussi ? Les objectifs convenus ont-ils \u00e9t\u00e9 atteints ? Que reste-t-il \u00e0 faire ? Que peut-on am\u00e9liorer \u00e0 l'avenir ? <\/h3>\n\n\n\n<figure class=\"wp-block-video\"><video controls loop poster=\"https:\/\/hosek.ch\/wp-content\/uploads\/2020\/10\/Bildschirmfoto-2020-10-29-um-10.56.44.png\" src=\"https:\/\/hosek.ch\/wp-content\/uploads\/2024\/07\/Sie-haben-es-in-der-Hand.mp4\"><\/video><figcaption>C'est entre vos mains!<\/figcaption><\/figure>\n\n\n\n<!--more-->\n\n\n\n<div class=\"wp-block-buttons\">\n<div class=\"wp-block-button is-style-outline\"><a class=\"wp-block-button__link has-text-color has-background\" href=\"https:\/\/hosek.ch\/fr\/\" style=\"background-color:#009999;color:#ffffff\">&gt; Services scientifiques pour la sant\u00e9, les affaires sociales et l'\u00e9ducation<\/a><\/div>\n\n\n\n<div class=\"wp-block-button is-style-outline\"><a class=\"wp-block-button__link has-text-color has-background\" href=\"https:\/\/hosek.ch\/fr\/ziele\/\" style=\"background-color:#009999;color:#ffffff\">&gt; Des solutions sur mesure pour vous et votre organisation<\/a><\/div>\n\n\n\n<div class=\"wp-block-button is-style-outline\"><a class=\"wp-block-button__link has-text-color has-background\" href=\"https:\/\/hosek.ch\/fr\/kontakt\/angebot\/\" style=\"background-color:#009999;color:#ffffff\">&gt; L'offre<\/a><\/div>\n\n\n\n<div class=\"wp-block-button is-style-outline\"><a class=\"wp-block-button__link has-text-color has-background\" href=\"https:\/\/hosek.ch\/fr\/kontakt\/aus-meinem-leben\/\" style=\"background-color:#009999;color:#ffffff\">&gt; Portrait du fondateur<\/a><\/div>\n\n\n\n<div class=\"wp-block-button is-style-outline\"><a class=\"wp-block-button__link has-text-color has-background\" href=\"https:\/\/hosek.ch\/fr\/kontakt\/publikationen\/\" style=\"background-color:#009999;color:#ffffff\">&gt; Publications<\/a><\/div>\n\n\n\n<div class=\"wp-block-button is-style-outline\"><a class=\"wp-block-button__link has-text-color has-background\" href=\"https:\/\/hosek.ch\/fr\/kontakt\/vortraege-und-lehre-auswahl\/\" style=\"background-color:#009999;color:#ffffff\">&gt;  Conf\u00e9rences et enseignement (s\u00e9lection)<\/a><\/div>\n<\/div>","protected":false},"excerpt":{"rendered":"<p>Sorgfalt und Pr\u00e4zision bei der Bearbeitung der Frage- und Problemstellung sind selbstverst\u00e4ndlich. Dabei wird nach den folgenden, bew\u00e4hrten Schritten vorgegangen. Der Auftrag kann unter Umst\u00e4nden auch die Bearbeitung nur einzelner Schritte umfassen. Auftragskl\u00e4rung Die Auftragskl\u00e4rung sch\u00e4rft das Verst\u00e4ndnis f\u00fcr den Sachverhalt, idealerweise sowohl beim k\u00fcnftigen Auftragnehmer wie beim potentiellen Auftraggeber. Diese Phase ist kostenlos und&#8230;<\/p>","protected":false},"author":1,"featured_media":4876,"parent":0,"menu_order":0,"comment_status":"closed","ping_status":"closed","template":"","meta":[],"_links":{"self":[{"href":"https:\/\/hosek.ch\/fr\/wp-json\/wp\/v2\/pages\/2154"}],"collection":[{"href":"https:\/\/hosek.ch\/fr\/wp-json\/wp\/v2\/pages"}],"about":[{"href":"https:\/\/hosek.ch\/fr\/wp-json\/wp\/v2\/types\/page"}],"author":[{"embeddable":true,"href":"https:\/\/hosek.ch\/fr\/wp-json\/wp\/v2\/users\/1"}],"replies":[{"embeddable":true,"href":"https:\/\/hosek.ch\/fr\/wp-json\/wp\/v2\/comments?post=2154"}],"version-history":[{"count":37,"href":"https:\/\/hosek.ch\/fr\/wp-json\/wp\/v2\/pages\/2154\/revisions"}],"predecessor-version":[{"id":5533,"href":"https:\/\/hosek.ch\/fr\/wp-json\/wp\/v2\/pages\/2154\/revisions\/5533"}],"wp:featuredmedia":[{"embeddable":true,"href":"https:\/\/hosek.ch\/fr\/wp-json\/wp\/v2\/media\/4876"}],"wp:attachment":[{"href":"https:\/\/hosek.ch\/fr\/wp-json\/wp\/v2\/media?parent=2154"}],"curies":[{"name":"wp","href":"https:\/\/api.w.org\/{rel}","templated":true}]}}