{"id":64,"date":"2019-01-20T09:21:55","date_gmt":"2019-01-20T09:21:55","guid":{"rendered":"https:\/\/hosek.ch\/?page_id=64"},"modified":"2025-12-07T07:59:47","modified_gmt":"2025-12-07T07:59:47","slug":"aus-meinem-leben","status":"publish","type":"page","link":"https:\/\/hosek.ch\/fr\/kontakt\/aus-meinem-leben\/","title":{"rendered":"&gt; Portrait du fondateur"},"content":{"rendered":"<h3>2024-2025<br>\u00c9valuation de la loi suisse sur les professions m\u00e9dicales LPM\u00e9d sur mandat de l'Office f\u00e9d\u00e9ral de la sant\u00e9 publique OFSP (en partenariat avec econcept et grosz I poledna rc)<\/h3>\n\n\n\n<h3>Depuis 2022<br>\u00c9valuations d'\u00e9coles professionnelles et secondaires suisses sur mandat du Centre suisse de comp\u00e9tence pour le degr\u00e9 secondaire II formation g\u00e9n\u00e9rale et pour l\u2019\u00e9valuation des \u00e9coles du degr\u00e9 secondaire II ZEM CES<\/h3>\n\n\n\n<h3>2021-2024<br>\u00c9valuation formative du projet de la communaut\u00e9 europ\u00e9ene RISE-Vac, men\u00e9 par l'Universit\u00e9 de Pise IT et visant \u00e0 renforcer les soins m\u00e9dicaux dans les prisons de six pays europ\u00e9ens (en collaboration avec Stefan Enggist, Berne)<\/h3>\n\n\n\n<h3>2020-2022<br>Diverses coachings de cadres dans l'environnement des projets et des sciences <\/h3>\n\n\n\n<h3>2021<br><a href=\"https:\/\/hosek.ch\/wp-content\/uploads\/2025\/12\/CAS-e\u0301valuation-des-politiques-publiques.pdf\">Formation continue sur l'\u00e9valuation des politiques publiques \u00e0 l'universit\u00e9 de Lausanne<\/a> <\/h3>\n\n\n\n<h3>2020-2021<br>Contributions \u00e0 des formations continues de m\u00e9decins du Forum pour la formation m\u00e9dicale continue fomf sur la gestion des probl\u00e8mes sociaux chez les patients au cabinet du m\u00e9decin de famille <\/h3>\n\n\n\n<h3>2020-2023<br>Plusieurs mandats dans le cadre de l'\u00e9pid\u00e9miologie du cancer sur mandat de l'Office f\u00e9d\u00e9ral de la statistique OFS (en collaboration avec Pasquale Cirillo, Vallamand) <\/h3>\n\n\n\n<h3>2019-2020<br>Conception d'une offre de consultation sociale dans les cabinets de m\u00e9decins de famille (en collaboration avec eastcare AG - soci\u00e9t\u00e9 d'exploitation m\u00e9dicale)<\/h3>\n\n\n\n<h3>2019<br><a href=\"https:\/\/hosek.ch\/fr\/\">Je fonde Dr. Ho\u0161ek-Consulting. <\/a><\/h3>\n\n\n\n<h3>2018-2019<br>En tant que directeur adjoint et responsable de la recherche et du d\u00e9veloppement, je me consacre \u00e0 la promotion de la qualit\u00e9 dans les soins de sant\u00e9 ambulatoires au sein de la fondation EQUAM. <\/h3>\n\n\n\n<h3>2015-2018<br>En tant que responsable de secteur aupr\u00e8s de l'Office cantonal des affaires sociales de Zoug, je g\u00e8re avec mes \u00e9quipes, sur le plan de l'organisation et du personnel, l'afflux exceptionnellement important de demandeurs d'asile en 2015. Je m\u00e8ne des travaux de conception, de planification et de mise en \u0153uvre pour am\u00e9liorer la structuration et la valorisation de l'int\u00e9gration professionnelle des personnes relevant du domaine de l'asile.<\/h3>\n\n\n\n<h3>2013-2015<br>\u00c0 l'Office f\u00e9d\u00e9ral de la sant\u00e9 publique, je me consacre au d\u00e9veloppement de l'\u00e9pid\u00e9miologie du cancer et traite d'autres th\u00e8mes comme l'\u00e9galit\u00e9 des chances en mati\u00e8re de sant\u00e9, les comp\u00e9tences en mati\u00e8re de sant\u00e9, les proches aidants, la violence domestique et la num\u00e9risation. <\/h3>\n\n\n\n<h3>2010-2013<br>Je d\u00e9veloppe le premier instrument d'anamn\u00e8se pour le travail social hospitalier p\u00e9diatrique en Suisse, je l'introduis dans mon service et je fais en sorte qu'il soit valid\u00e9 scientifiquement. <\/h3>\n\n\n\n<h3>2007-2018<br>J'occupe diff\u00e9rents postes de direction dans le domaine de la sant\u00e9 et du social (membre de la direction de la Ligue suisse contre le cancer, chef de service des cliniques p\u00e9diatriques universitaires de Zurich, chef de section \u00e0 l'Office f\u00e9d\u00e9ral de la sant\u00e9 publique, chef de secteur \u00e0 l'Office cantonal des affaires sociales de Zoug) et j'assume plusieurs missions d'enseignement dans le domaine de la formation tertiaire. <\/h3>\n\n\n\n<h3>2003<br>Je r\u00e9dige en cours d'emploi <a href=\"https:\/\/hosek.ch\/wp-content\/uploads\/2019\/01\/psb_HAT.pdf\">une th\u00e8se <\/a>sur la prise en charge psychosociale des toxicomanes s\u00e9v\u00e8res, que j'ach\u00e8ve par <a href=\"https:\/\/hosek.ch\/wp-content\/uploads\/2022\/02\/Promotion.pdf\">un doctorat \u00e0 l'universit\u00e9 de Zurich.<\/a> Elle est \u00e9valu\u00e9e par le r\u00e9f\u00e9rent avec la mention \"insigni cum laude\".<\/h3>\n\n\n\n<h3>1999-2006<br><a href=\"https:\/\/hosek.ch\/wp-content\/uploads\/2022\/04\/Interview-in-Schmid-Otto-2008.pdf\">Au sein de l'Office f\u00e9d\u00e9ral de la sant\u00e9 publique, je d\u00e9veloppe des strat\u00e9gies de traitement et de soutien pour les personnes d\u00e9pendantes ou \u00e0 risque de d\u00e9pendance.<\/a><\/h3>\n\n\n\n<h3 id=\"RSR-1\">1990-2000<br>En tant que <a href=\"https:\/\/la-tuile-des-debuts.hosek.ch\/\">pr\u00e9sident fondateur de l'association \"La Tuile\"<\/a> je participe \u00e0 la mise en place r\u00e9ussie d'un centre d'h\u00e9bergement d'urgence \u00e0 Fribourg. Celui-ci a \u00e9t\u00e9 ouvert en 1992, a \u00e9largi son champ d'activit\u00e9 par la suite et existe encore aujourd'hui en tant qu'institution sociale importante (<a href=\"https:\/\/hosek.ch\/fr\/la-tiuile-15-12-1992-rsr-1ere\/\">Interview RSR, 15.12.1992<\/a>).<\/h3>\n\n\n\n<h3>1990-1999<br>Je travaille \u00e0 l'interface entre le social et la sant\u00e9 \u00e0 Fribourg en tant que th\u00e9rapeute en addiction et chef de projet.<\/h3>\n\n\n\n<h3>1981-1990<br>J'\u00e9tudie, tout en gagnant partiellement ma vie, les sciences sociales, la psychologie, l'histoire, la philologie anglaise et la th\u00e9ologie \u00e0 Zurich, Fribourg et T\u00fcbingen, et je termine mes \u00e9tudes par une <a href=\"https:\/\/hosek.ch\/wp-content\/uploads\/2022\/02\/Lizentiat-und-Diplom-Sozialarbeit-Hosek-Martin.pdf\">Licence en sciences sociales\/travail social \u00e0 l'Universit\u00e9 de Fribourg<\/a> . <\/h3>\n\n\n\n<!--more-->\n\n\n\n<div class=\"wp-block-buttons\">\n<div class=\"wp-block-button is-style-outline\"><a class=\"wp-block-button__link has-text-color has-background\" href=\"https:\/\/hosek.ch\/fr\/\" style=\"background-color:#009999;color:#ffffff\">&gt; Services scientifiques pour la sant\u00e9, les affaires sociales et l'\u00e9ducation<\/a><\/div>\n\n\n\n<div class=\"wp-block-button is-style-outline\"><a class=\"wp-block-button__link has-text-color has-background\" href=\"https:\/\/hosek.ch\/fr\/ziele\/\" style=\"background-color:#009999;color:#ffffff\">&gt; Des solutions sur mesure pour vous et votre organisation<\/a><\/div>\n\n\n\n<div class=\"wp-block-button is-style-outline\"><a class=\"wp-block-button__link has-text-color has-background\" href=\"https:\/\/hosek.ch\/fr\/kontakt\/angebot\/\" style=\"background-color:#009999;color:#ffffff\">&gt; L'offre <\/a><\/div>\n\n\n\n<div class=\"wp-block-button is-style-outline\"><a class=\"wp-block-button__link has-text-color has-background\" href=\"https:\/\/hosek.ch\/fr\/vorgehen\/\" style=\"background-color:#009999;color:#ffffff\">&gt; L'approche<\/a><\/div>\n\n\n\n<div class=\"wp-block-button is-style-outline\"><a class=\"wp-block-button__link has-text-color has-background\" href=\"https:\/\/hosek.ch\/fr\/kontakt\/publikationen\/\" style=\"background-color:#009999;color:#ffffff\">&gt; Publications <\/a><\/div>\n\n\n\n<div class=\"wp-block-button is-style-outline\"><a class=\"wp-block-button__link has-text-color has-background\" href=\"https:\/\/hosek.ch\/fr\/kontakt\/vortraege-und-lehre-auswahl\/\" style=\"background-color:#009999;color:#ffffff\">&gt;  Conf\u00e9rences et enseignement (s\u00e9lection)<\/a><\/div>\n<\/div>","protected":false},"excerpt":{"rendered":"<p>2024-2025Evaluation des schweizerischen Medizinalberufegesetzes MedBG im Auftrag des Bundesamts f\u00fcr Gesundheit BAG (in Partnerschaft mit econcept und grosz I poledna rc) Seit 2022Evaluationen von Schweizer Berufsfach- und Mittelschulen im Auftrag des Schweizerischen Zentrums f\u00fcr die Mittelschule und die Schulevaluation auf der Sekundarstufe II ZEM CES 2021-2024Formative Evaluation des von der Universit\u00e4t Pisa IT durchgef\u00fchrten EU-Projekts&#8230;<\/p>","protected":false},"author":1,"featured_media":2101,"parent":41,"menu_order":0,"comment_status":"closed","ping_status":"closed","template":"","meta":[],"_links":{"self":[{"href":"https:\/\/hosek.ch\/fr\/wp-json\/wp\/v2\/pages\/64"}],"collection":[{"href":"https:\/\/hosek.ch\/fr\/wp-json\/wp\/v2\/pages"}],"about":[{"href":"https:\/\/hosek.ch\/fr\/wp-json\/wp\/v2\/types\/page"}],"author":[{"embeddable":true,"href":"https:\/\/hosek.ch\/fr\/wp-json\/wp\/v2\/users\/1"}],"replies":[{"embeddable":true,"href":"https:\/\/hosek.ch\/fr\/wp-json\/wp\/v2\/comments?post=64"}],"version-history":[{"count":82,"href":"https:\/\/hosek.ch\/fr\/wp-json\/wp\/v2\/pages\/64\/revisions"}],"predecessor-version":[{"id":5552,"href":"https:\/\/hosek.ch\/fr\/wp-json\/wp\/v2\/pages\/64\/revisions\/5552"}],"up":[{"embeddable":true,"href":"https:\/\/hosek.ch\/fr\/wp-json\/wp\/v2\/pages\/41"}],"wp:featuredmedia":[{"embeddable":true,"href":"https:\/\/hosek.ch\/fr\/wp-json\/wp\/v2\/media\/2101"}],"wp:attachment":[{"href":"https:\/\/hosek.ch\/fr\/wp-json\/wp\/v2\/media?parent=64"}],"curies":[{"name":"wp","href":"https:\/\/api.w.org\/{rel}","templated":true}]}}