{"id":70,"date":"2019-01-23T16:15:11","date_gmt":"2019-01-23T16:15:11","guid":{"rendered":"https:\/\/hosek.ch\/?page_id=70"},"modified":"2025-11-24T09:48:59","modified_gmt":"2025-11-24T09:48:59","slug":"publikationen","status":"publish","type":"page","link":"https:\/\/hosek.ch\/fr\/kontakt\/publikationen\/","title":{"rendered":"&gt; Publications"},"content":{"rendered":"<h3><a href=\"https:\/\/www.bag.admin.ch\/dam\/de\/sd-web\/gRkKxz3t5PRX\/2025-schlussbericht-evaluation-medbg-d.pdf\">Probst, C. \/ L\u00fcgstenmann, M. \/ Kaiser, N. \/ Elsener, N. \/ Ho\u0161ek, M. \/ Poledna, T.: Evaluation des Bundesgesetzes \u00fcber die universit\u00e4ren Medizinalberufe (Medizinalberufegesetz, MedBG). im Auftrag des Bundesamtes f\u00fcr Gesundeheit BAG. (2025)<\/a><\/h3>\n\n\n\n<h3><a href=\"https:\/\/hosek.ch\/wp-content\/uploads\/2022\/08\/Martin-Hos\u030cek-Pflegerecht_02_2022.pdf\">Verbindliche Personalquoten im Dienst von Patientensicherheit und Qualit\u00e4t. In: Pflegerecht 2 (2022) S. 112-115<\/a> <\/h3>\n\n\n\n<h3><a href=\"https:\/\/www.bfs.admin.ch\/bfs\/de\/home\/statistiken\/gesundheit\/gesundheitszustand\/krankheiten\/krebs.assetdetail.19305696.html\">Bundesamt f\u00fcr Statistik, Nationale Krebsregistrierungsstelle, Kinderkrebsregister (Hrsg.): Schweizerischer Krebsbericht 2021 &#8211; Stand und Entwicklungen. Neuch\u00e2tel (2021)<\/a><\/h3>\n\n\n\n<h3><a href=\"https:\/\/hosek.ch\/wp-content\/uploads\/2020\/10\/MH-et-al_saez_2020_41_de.pdf\">Ho\u0161ek, M. \/ Honegger, E. \/ Stadler, A.: Bessere Behandlung durch Sozialberatung in der Hausarztpraxis. In: Schweizerische \u00c4rztezeitung 101(41) (2020), S. 1318\u20131320<\/a><\/h3>\n\n\n\n<h3><a href=\"https:\/\/www.google.com\/url?sa=t&amp;rct=j&amp;q=&amp;esrc=s&amp;source=web&amp;cd=&amp;ved=2ahUKEwi06aOF-_vzAhVa57sIHTvfAFgQFnoECAsQAQ&amp;url=https%3A%2F%2Fwww.bag.admin.ch%2Fdam%2Fbag%2Fde%2Fdokumente%2Fkuv-leistungen%2Fqualitaetssicherung%2FEnhancing%2520the%2520Quality%2520and%2520Safety%2520of%2520Swiss%2520Healthcare-EN.pdf.download.pdf%2FEnhancing%2520the%2520Quality%2520and%2520Safety%2520of%2520Swiss%2520Healthcare-EN.pdf&amp;usg=AOvVaw1qgMP2deamLy2lo27UfI7j\">Ho\u0161ek, M. \/ Bezzola, P.:  Development instead of a standstill: accreditation for medical practices: EQUAM Foundation. (2019)<\/a><\/h3>\n\n\n\n<h3><a href=\"https:\/\/hosek.ch\/wp-content\/uploads\/2019\/03\/phc_2019_03_de.pdf\">Ho\u0161ek, M. \/ Gut, D.: Qualit\u00e4t in der ambulanten P\u00e4diatrie &#8211; Ergebnisse einer Umfrage. In: Primary and Hospital Care \u2013 Allgemeine innere Medizin 19(3) (2019), S. 70-72<\/a><\/h3>\n\n\n\n<h3><a href=\"https:\/\/hosek.ch\/wp-content\/uploads\/2019\/03\/phc_2019_03_fr.pdf\">Ho\u0161ek, M. \/ Gut, D.: La qualit\u00e9 en p\u00e9diatrie ambulatoire &#8211; R\u00e9sultats d&#8217;une enqu\u00eate. In: Primary and Hospital Care \u2013 M\u00e9decine interne g\u00e9n\u00e9rale 19(3) (2019), S. 70-72<\/a><\/h3>\n\n\n\n<h3><a href=\"https:\/\/hosek.ch\/wp-content\/uploads\/2019\/03\/positionspapier_samw_gesundheitskompetenz_schweiz.pdf\">Ho\u0161ek, M. \/ Duetz Schmucki, M. \/ Kaufmann, M. \/ Spycher, S.: Politik und Partizipation. In: Schweizerische Akademie der medizinischen Wissenschaften SAMW (Hrsg.): Gesundheitskompetenz in der Schweiz \u2013 Stand und Perspektiven. Bern (2015), S. 32-35<\/a><\/h3>\n\n\n\n<h3><a href=\"https:\/\/hosek.ch\/wp-content\/uploads\/2019\/04\/120431_SA_10_034_035-2.pdf\">Soziale Diagnostik in der Spitalsozialarbeit. Anamnese mit S-FIRST \u2013 ein Werkstattbericht. In: SozialAktuell Nr. 10 (2012), S. 34f<\/a><\/h3>\n\n\n\n<h3><a href=\"https:\/\/hosek.ch\/wp-content\/uploads\/2019\/04\/110123_SA_02_034_035-1-Hosek.pdf\">Es lebe der Unterschied! Pl\u00e4doyer f\u00fcr einen Ausdifferenzierungsprozess am Beispiel der Klinischen Sozialarbeit. In: SozialAktuell Nr. 2 (2011), S. 34f<\/a><\/h3>\n\n\n\n<h3><a href=\"https:\/\/hosek.ch\/wp-content\/uploads\/2019\/04\/Suchtmagazin-Hosek-1-06.pdf\">Substitutionsbehandlungen in der Schweiz: Fortsetzung einer Erfolgsgeschichte. In: Suchtmagazin 1 (2006), S. 3-9<\/a><\/h3>\n\n\n\n<h3><a href=\"https:\/\/hosek.ch\/wp-content\/uploads\/2019\/04\/Reducing-Cocaine-Use-2005.pdf\">Reducing Cocaine Use in Heroin-assisted Treatment Programmes: Effectiveness of psychosocial care. In: Swiss Federal Office of Public Health (ed.): Heroin-assisted Treatment: Work in Progress. Berne (2005), S. 375-388<\/a><\/h3>\n\n\n\n<h3><a href=\"https:\/\/doi.org\/10.1024\/0040-5930.60.6.355\">Gschwend, P. \/ Eschmann, S. \/ G\u00fcttinger, F. \/ Ho\u0161ek, M. \/ Rehm, J. \/ Uchtenhagen, A.: Acht Jahre Erfahrung mit der heroingest\u00fctzten Behandlung in der Schweiz \u2013 aktuelle Ergebnisse und k\u00fcnftige Weiterentwicklung. Heroin-assisted treatment in Switzerland \u2013 current results of an eight year follow-up and future development. In: Therapeutische Umschau 60 (2003), S. 355-360<\/a><\/h3>\n\n\n\n<h3><a href=\"https:\/\/hosek.ch\/wp-content\/uploads\/2019\/01\/psb_HAT.pdf\">Psychosoziale Betreuung von schwer Drogenabh\u00e4ngigen: Beitrag der sozialen Arbeit zum Ergebnis der heroingest\u00fctzten Behandlung (HeGeBe). Dissertation, K\u00f6niz (2003)<\/a><\/h3>\n\n\n\n<h3><a href=\"https:\/\/hosek.ch\/wp-content\/uploads\/2022\/01\/4_article_15.pdf\">Stutzmann, N. \/ Ho\u0161ek, M. \/ Lehmann, P.: Prescription d\u2019h\u00e9ro\u00efne: une combinaison n\u00e9cessaire d\u2019approches diverses. In : d\u00e9pendances 10 (2000), S. 16-20<\/a><\/h3>\n\n\n\n<h3><a href=\"https:\/\/hosek.ch\/wp-content\/uploads\/2022\/01\/Promi.pdf\">Projet de m\u00e9thadone injectable \u00e0 Fribourg. Entre travail social et m\u00e9decine. In : Le Tremplin \u2013 Gazette 31 (1997), S. 1ff.<\/a><\/h3>\n\n\n\n<h3><a href=\"https:\/\/hosek.ch\/wp-content\/uploads\/2022\/01\/Arbeit-4-1996.pdf\">Arbeit als Werkzeug in der Drogenhilfe. In : Le Tremplin \u2013 Gazette 27 (1996), S. 4<\/a><\/h3>\n\n\n\n<h3><a href=\"https:\/\/hosek.ch\/wp-content\/uploads\/2022\/01\/Zwischen-Solidarita\u0308t-und-Professionalita\u0308t.pdf\">Zwischen Solidarit\u00e4t und Professionalit\u00e4t. Randnotizen zur 25-j\u00e4hrigen Verbandsgeschichte des VSD. In: Verband Schweizerischer Drogenfachleute (Hrsg.): Jahresbericht 1996. Luzern (1997)<\/a><\/h3>\n\n\n\n<h3><a href=\"https:\/\/hosek.ch\/wp-content\/uploads\/2022\/01\/Abus-sexuels-et-toxicomanie.pdf\">Abus sexuels et toxicomanie. In: Le Tremplin \u2013 Gazette 23 (1995), S. 1ff.<\/a><\/h3>\n\n\n\n<h3>Gemeinsam neue Wege gehen. Das psycho-soziale Zentrum und Le Tremplin erweitern ihr Behandlungs- und Betreuungsangebot. In: Le Tremplin \u2013 Gazette 20 (1994), S. 1f.<\/h3>\n\n\n\n<h3><a href=\"https:\/\/hosek.ch\/wp-content\/uploads\/2022\/01\/Am-Rande-9-1993.pdf\">Am Rande: Anmerkungen zu Genussmitteln, Sucht und Ausgrenzung. In: Le Tremplin \u2013 Gazette 17 (1993), S. 1f.<\/a><\/h3>\n\n\n\n<h3><a href=\"https:\/\/hosek.ch\/wp-content\/uploads\/2022\/01\/En-manque.pdf\">\u00catre en manque: d\u00e9roulement d&#8217;un sevrage. In: Le Tremplin \u2013 Gazette 13 (1992), S. 2f.<\/a><\/h3>\n\n\n\n<h3><a href=\"https:\/\/hosek.ch\/wp-content\/uploads\/2022\/01\/U\u0308berleben-9-1991.pdf\">\u00dcberleben in der Drogenszene. Anmerkungen zum N\u00fcrnberger Kongress \u00fcber akzeptierende Drogenarbeit. In: Le Tremplin \u2013 Gazette 9 (1991), S. 4<\/a><\/h3>\n\n\n\n<h3><a href=\"https:\/\/hosek.ch\/wp-content\/uploads\/2022\/01\/Une-tuile-comme-pillier-daide-6-1991.pdf\">Une tuile comme pilier d&#8217;aide: Le projet &#8222;SLEEP-IN&#8220; de l&#8217;Association  &#8222;La Tuile&#8220;. In: Le Tremplin \u2013 Gazette 8 (1991) S. 3<\/a><\/h3>\n\n\n\n<h3><a href=\"https:\/\/hosek.ch\/wp-content\/uploads\/2022\/01\/A\u0308st.-Praxis-d.-Armut-faksimile.pdf\">\u201eIch denke nicht mehr nach \u00fcber die Vergangenheit: In den Bildern kommt\u2019s zur Geltung\u201c. Ein Beitrag zum Verst\u00e4ndnis der \u00e4sthetischen Praxis der Armut unter dem Blickwinkel der sozialen Kulturarbeit. Lizentiatsarbeit, Fribourg (1989)<\/a><\/h3>\n\n\n\n<!--more-->\n\n\n\n<div class=\"wp-block-buttons\">\n<div class=\"wp-block-button is-style-outline\"><a class=\"wp-block-button__link has-text-color has-background\" href=\"https:\/\/hosek.ch\/fr\/\" style=\"background-color:#009999;color:#ffffff\">&gt; Services scientifiques pour la sant\u00e9, les affaires sociales et l'\u00e9ducation<\/a><\/div>\n\n\n\n<div class=\"wp-block-button is-style-outline\"><a class=\"wp-block-button__link has-text-color has-background\" href=\"https:\/\/hosek.ch\/fr\/ziele\/\" style=\"background-color:#009999;color:#ffffff\">&gt;Massgeschneiderte L\u00f6sungen f\u00fcr Sie und Ihre Organisation<\/a><\/div>\n\n\n\n<div class=\"wp-block-button is-style-outline\"><a class=\"wp-block-button__link has-text-color has-background\" href=\"https:\/\/hosek.ch\/fr\/kontakt\/angebot\/\" style=\"background-color:#009999;color:#ffffff\">&gt; L'offre<\/a><\/div>\n\n\n\n<div class=\"wp-block-button is-style-outline\"><a class=\"wp-block-button__link has-text-color has-background\" href=\"https:\/\/hosek.ch\/fr\/vorgehen\/\" style=\"background-color:#009999;color:#ffffff\">&gt; L'approche<\/a><\/div>\n\n\n\n<div class=\"wp-block-button is-style-outline\"><a class=\"wp-block-button__link has-text-color has-background\" href=\"https:\/\/hosek.ch\/fr\/kontakt\/aus-meinem-leben\/\" style=\"background-color:#009999;color:#ffffff\">&gt; Portrait du fondateur<\/a><\/div>\n\n\n\n<div class=\"wp-block-button is-style-outline\"><a class=\"wp-block-button__link has-text-color has-background\" href=\"https:\/\/hosek.ch\/fr\/kontakt\/vortraege-und-lehre-auswahl\/\" style=\"background-color:#009999;color:#ffffff\">&gt;  Conf\u00e9rences et enseignement (s\u00e9lection)<\/a><\/div>\n<\/div>\n\n\n\n<p><\/p>","protected":false},"excerpt":{"rendered":"<p>Probst, C. \/ L\u00fcgstenmann, M. \/ Kaiser, N. \/ Elsener, N. \/ Ho\u0161ek, M. \/ Poledna, T.: Evaluation des Bundesgesetzes \u00fcber die universit\u00e4ren Medizinalberufe (Medizinalberufegesetz, MedBG). im Auftrag des Bundesamtes f\u00fcr Gesundeheit BAG. (2025) Verbindliche Personalquoten im Dienst von Patientensicherheit und Qualit\u00e4t. In: Pflegerecht 2 (2022) S. 112-115 Bundesamt f\u00fcr Statistik, Nationale Krebsregistrierungsstelle, Kinderkrebsregister (Hrsg.):&#8230;<\/p>","protected":false},"author":1,"featured_media":4871,"parent":41,"menu_order":0,"comment_status":"closed","ping_status":"closed","template":"","meta":[],"_links":{"self":[{"href":"https:\/\/hosek.ch\/fr\/wp-json\/wp\/v2\/pages\/70"}],"collection":[{"href":"https:\/\/hosek.ch\/fr\/wp-json\/wp\/v2\/pages"}],"about":[{"href":"https:\/\/hosek.ch\/fr\/wp-json\/wp\/v2\/types\/page"}],"author":[{"embeddable":true,"href":"https:\/\/hosek.ch\/fr\/wp-json\/wp\/v2\/users\/1"}],"replies":[{"embeddable":true,"href":"https:\/\/hosek.ch\/fr\/wp-json\/wp\/v2\/comments?post=70"}],"version-history":[{"count":60,"href":"https:\/\/hosek.ch\/fr\/wp-json\/wp\/v2\/pages\/70\/revisions"}],"predecessor-version":[{"id":5546,"href":"https:\/\/hosek.ch\/fr\/wp-json\/wp\/v2\/pages\/70\/revisions\/5546"}],"up":[{"embeddable":true,"href":"https:\/\/hosek.ch\/fr\/wp-json\/wp\/v2\/pages\/41"}],"wp:featuredmedia":[{"embeddable":true,"href":"https:\/\/hosek.ch\/fr\/wp-json\/wp\/v2\/media\/4871"}],"wp:attachment":[{"href":"https:\/\/hosek.ch\/fr\/wp-json\/wp\/v2\/media?parent=70"}],"curies":[{"name":"wp","href":"https:\/\/api.w.org\/{rel}","templated":true}]}}