{"id":72,"date":"2022-05-14T04:03:02","date_gmt":"2022-05-14T04:03:02","guid":{"rendered":"https:\/\/hosek.ch\/?page_id=72"},"modified":"2025-10-07T04:22:35","modified_gmt":"2025-10-07T04:22:35","slug":"vortraege-und-lehre-auswahl","status":"publish","type":"page","link":"https:\/\/hosek.ch\/fr\/kontakt\/vortraege-und-lehre-auswahl\/","title":{"rendered":"&gt;  Conf\u00e9rences et enseignement (s\u00e9lection)"},"content":{"rendered":"<h3><a href=\"https:\/\/hosek.ch\/wp-content\/uploads\/2025\/09\/Methodenatelier-SEVAL-2025-Martin-Hos\u030cek-fr.pdf\">Tentatives d'influence et antidotes \u2013 Comment prot\u00e9ger l'ind\u00e9pendance des \u00e9valuations ? Fribourg, 4.9.2025; Atelier m\u00e9thodologique, congres annuel SEVAL<\/a><\/h3>\n\n\n\n<h3><a href=\"https:\/\/hosek.ch\/wp-content\/uploads\/2024\/08\/Methodenatelier-SEVAL-2024.pdf\">Diskrepanzmodell, Fallstudie und &#8222;Realist Evaluation&#8220;: Werkzeuge f\u00fcr eine Projektevaluation zur Hebung der Impfrate im europ\u00e4ischen Strafvollzug. Fribourg, 29.8.2024; Methodenatelier SEVAL Jahreskongress<\/a><\/h3>\n\n\n\n<h3><a href=\"https:\/\/hosek.ch\/wp-content\/uploads\/2024\/08\/The-long-and-winding-road.pdf\">A Long and Winding Road &#8211; Innovation in The Swiss Health System. Lausanne, 11.9.2023; Workshop of the Swiss Academy of Medical Sciences SAMW: Which Path(s) for the Transformation of the Health System?<\/a><\/h3>\n\n\n\n<h3>Interview \u00ab&nbsp;Drug Policy in Switzerland&nbsp;\u00bb Online, 27.4.2022&nbsp;; Studierende Master in Health Sciences Uni Luzern<\/h3>\n\n\n\n<h3>Soziale Probleme von Patienten gef\u00e4hrden Behandlungserfolg &#8211; Was tun? Z\u00fcrich, 1.12.2021; Forum f\u00fcr medizinische Fortbildung FomF; Update Refresher Innere Medizin<\/h3>\n\n\n\n<h3>M\u00f6glichkeiten und Grenzen sozialer Unterst\u00fctzung in der Hausarztpraxis. Online, 8.6.2021; Forum f\u00fcr medizinische Fortbildung FomF; Update Refresher Allgemeine Innere Medizin<\/h3>\n\n\n\n<h3>Der Beitrag von Zertifizierungen zur Koordination zwischen Leistungserbringern: Gegenwart und Zukunft. Bern 12. 6.2019; fmc-Symposium 2019 (zusammen mit Felix Huber und Paula Bezzola)<\/h3>\n\n\n\n<h3>Klinische Sozialarbeit. Luzern 14.3.2015; Hochschule Luzern HSLU, Abschlussveranstaltung CAS &#8222;Soziale Arbeit mit psychisch erkrankten Menschen&#8220;<\/h3>\n\n\n\n<h3>Aktueller Stand der Arbeit am Entwurf zum Krebsregistrierungsgesetz. Bern 11.12.2013 ; Informationsveranstaltung des Bundesamts f\u00fcr Gesundheit<\/h3>\n\n\n\n<h3>Klinische Sozialarbeit : Begriffliche Landkarte. Basel 20.6.2012 ; Deutschsprachige Medizinische Gesellschaft f\u00fcr Paraplegie DMGP \u2013 Arbeitskreis Soziale Arbeit<\/h3>\n\n\n\n<h3>Klinische Sozialarbeit in der Schweiz. Z\u00fcrich 9.11.2011 ; Psychosoziale Beratung in der Praxis \u2013 Jahrestagung des Vereins Clinical Social Work Switzerland<\/h3>\n\n\n\n<h3>Klinische Sozialarbeit als Fachsozialarbeit. D\u00fcbendorf 19.9.2011 und 17.9.2012; Z\u00fcrcher Hochschule f\u00fcr Angewandte Wissenschaften ZHAW, Modul Gesundheit und Krankheit; Bachelorstudium Soziale Arbeit<\/h3>\n\n\n\n<h3>Beratung in der Klinischen Sozialarbeit. Basel 29.4.-27.5.2011; Fachhochschule Nordwestschweiz FHNW, Lehrveranstaltung &#8222;Gestaltung von Beratungsprozessen&#8220;; Bachelorstudium Sozialahrbeit<\/h3>\n\n\n\n<h3>Socio-economic status and children\u2019s health: a role for social work. Dublin (IRL), 29. 6.2010; Changing Health: Acting and Reacting, Challenges for Social Work Theory and Practice \u2013 6th international conference on Social Work in Health and Mental Health<\/h3>\n\n\n\n<h3>L\u2019efficacit\u00e9 des aspects non m\u00e9dicaux des traitements de substitution. Montreal (CND), 1.12.2006; Colloque de formation interdisciplinaire sur les traitements de substitution : Le traitement de la d\u00e9pendance aux opio\u00efdes dans tous ses \u00e9tats<\/h3>\n\n\n\n<h3>Station\u00e4re Substitutionsbehandlungen: Evidenz und Praxis. Scuol-Tarasp, 18.5. 2006; Jahresversammlung der Vereinigung der Kantons\u00e4rztinnen und Kantons\u00e4rzte der Schweiz<\/h3>\n\n\n\n<h3>Reduktion des Kokainbeikonsums in der heroingest\u00fctzten Behandlung (HeGeBe): Wirksamkeit der psychosozialen Betreuung (PSB). Heidelberg (D), 4.5.2006; Jahrestagung Fachverband Sucht e.V.: Wirksame Suchttherapie! Wissenschaftlich fundierte Suchtbehandlung<\/h3>\n\n\n\n<h3>Influence of non-pharmacological treatment on HAT-outcome in Switzerland. K\u00f6ln (D), 14.3.2006; Heroin-assisted-treatment: an innovative element of the drug support system<\/h3>\n\n\n\n<h3>Swiss Optimum Substitution: A Project by the Swiss Federal Office of Public Health. Bern, 21.11.2005; Ministerialdelegation Kirgistan<\/h3>\n\n\n\n<h3>Stand HeGeBe in der Schweiz. Bern, 15.9.2005; Austausch Heroingest\u00fctzte Behandlung Deutschland &#8211; Schweiz<\/h3>\n\n\n\n<h3>Substitutionstherapie bei Heroinabh\u00e4ngigkeit: Chancen und Fallstricke. Solothurn, 8. 9.2005; 10 Jahre Gourrama Solothurn<\/h3>\n\n\n\n<h3>Heroin assisted Treatment (HAT) in Switzerland. Granada (E), 11.3.2005; Il jornados internationales hero\u00edna y nuevas tendencias en tratamientos con agonista opi\u00e1ceos<\/h3>\n\n\n\n<h3>Substitutionstherapie in der Schweiz. Luzern, 26.1.2005; Fachverband Sucht, Fachgruppe Substitution<\/h3>\n\n\n\n<h3>Wirksame Substitutionstherapie. Zug, 11.11.2004; Weiterbildung f\u00fcr Methadon verschreibende \u00c4rztinnen und \u00c4rzte im Kanton Zug<\/h3>\n\n\n\n<h3>Professionalisierung durch evidenzbasiertes Vorgehen. Die heroingest\u00fctzte Behandlung f\u00fcr schwer Drogenabh\u00e4ngige. Bern, 5.11.2004; Symposium Verein zur F\u00f6rderung der sozialen Arbeit als akademische Disziplin VESAD: Anwendungsorientierte Forschung in der Sozialen Arbeit<\/h3>\n\n\n\n<h3>Effectiveness of Psychosocial Care as Part of a Heroin-Assisted Treatment Program. Z\u00fcrich, 11.5.2004: \u201eSwiss addiction research day\u201c Schweizerische Gesellschaft f\u00fcr Suchtmedizin SSAM<\/h3>\n\n\n\n<h3>Heroin assisted Treatment (HAT) in Switzerland. Basel, 15.3.2004; Visit by clinicians of future London HAT-centres<\/h3>\n\n\n\n<h3>Psychosoziale Betreuung von schwer Drogenabh\u00e4ngigen: Beitrag der sozialen Arbeit zum Ergebnis der heroingest\u00fctzten Behandlung. Solothurn, 26.2.2004, Fortbildung Psychiatrische Dienste des Kantons Solothurn<\/h3>\n\n\n\n<h3>Zehn Jahre heroingest\u00fctzte Behandlung in der Schweiz (unter besonderer Ber\u00fccksichtigung der psychosozialen Betreuung). Z\u00fcrich, 26.11.2003; Fachverband Sucht, Fachgruppe ambulante Beratungsstellen<\/h3>\n\n\n\n<h3>Heroin Assisted Treatment (HAT) as an Example of Evidence Based Health Policy. Bern, 14.10.2003; American Association for the Advancement of Science<\/h3>\n\n\n\n<h3>Le traitement avec prescription d\u2019h\u00e9ro\u00efne: Un compl\u00e9ment de la palette des offres de prestations par rapport \u00e0 la toxicomanie en Suisse. Perpignan (F), 22.5.2003; Deuxi\u00e8me conf\u00e9rence latine de r\u00e9duction de risques li\u00e9s aux usages de drogues.<\/h3>\n\n\n\n<h3>The Swiss Drug Policy and The Revision of the Narcotics Act. Bern, 14.8.2002; Guest speaker diplomatic OECD-group<\/h3>\n\n\n\n<h3>Heroin assisted Treatment (HAT) in Switzerland: Guidelines and Protocols. Utrecht (NL), 21.6.2002; Third Network Meeting: Medical Prescription of Heroin<\/h3>\n\n\n\n<h3>Qualit\u00e4tsentwicklung in der heroingest\u00fctzten Behandlung HeGeBe. Z\u00fcrich, 16.5.2002; ISF-Forum<\/h3>\n\n\n\n<h3>Heroin assisted Treatment (HAT) completing the range of responses to drug addiction in Switzerland. Oxford (GB), 20.3.2002; Community and Residential Services Conference: Changing Face of Drug Services<\/h3>\n\n\n\n<h3>The Swiss Experience of Drug Strategies: An Evaluation of Practice. Perth (AUS) 13.8.2001; Community Drug Summit<\/h3>\n\n\n\n<h3>Heroingest\u00fctzte Behandlung HeGeBe. Z\u00fcrich, 28.6.2001; Instruktion wissenschaftlicher Dienst der Stadtpolizei Z\u00fcrich<\/h3>\n\n\n\n<h3>Die heroingest\u00fctzte Behandlung in der Schweiz. Bonn (D), 7.9.2000; Werkstattgespr\u00e4ch: Bonn braucht Mut &#8211; \u00e4rztliche Heroinvergabe macht Mut.<\/h3>\n\n\n\n<h3>Forschung zur heroingest\u00fctzten Behandlung: Von der Geburtshelferin zur Begleiterin. Bern, 3.4.2000; Forscher-Praktiker-Tagung: Voneinander lernen<\/h3>\n\n\n\n<h3>Die heroingest\u00fctzte Behandlung in der Schweiz: Hoffnung f\u00fcr schwer S\u00fcchtige, Nutzen f\u00fcr alle. Hamburg (D), 13.1.2000; Fachtagung: &#8222;Lizensierte Heroinverschreibung \u2013 ein Risiko f\u00fcr die Suchtpr\u00e4vention?&#8220;<\/h3>\n\n\n\n<figure class=\"wp-block-video\"><video controls src=\"https:\/\/hosek.ch\/wp-content\/uploads\/2022\/05\/Hos\u030cek-als-Vortragender.mp4\"><\/video><\/figure>\n\n\n\n<!--more-->\n\n\n\n<div class=\"wp-block-buttons\">\n<div class=\"wp-block-button is-style-outline\"><a class=\"wp-block-button__link has-text-color has-background\" href=\"https:\/\/hosek.ch\/fr\/\" style=\"background-color:#009999;color:#ffffff\">&gt; Services scientifiques pour la sant\u00e9, les affaires sociales et l'\u00e9ducation<\/a><\/div>\n\n\n\n<div class=\"wp-block-button is-style-outline\"><a class=\"wp-block-button__link has-text-color has-background\" href=\"https:\/\/hosek.ch\/fr\/ziele\/\" style=\"background-color:#009999;color:#ffffff\">&gt; Des solutions sur mesure pour vous et votre organisation<\/a><\/div>\n\n\n\n<div class=\"wp-block-button is-style-outline\"><a class=\"wp-block-button__link has-text-color has-background\" href=\"https:\/\/hosek.ch\/fr\/kontakt\/angebot\/\" style=\"background-color:#009999;color:#ffffff\">&gt; L'offre<\/a><\/div>\n<\/div>\n\n\n\n<div class=\"wp-block-buttons\">\n<div class=\"wp-block-button is-style-outline\"><a class=\"wp-block-button__link has-text-color has-background\" href=\"https:\/\/hosek.ch\/fr\/vorgehen\/\" style=\"background-color:#009999;color:#ffffff\">&gt; L'approche<\/a><\/div>\n\n\n\n<div class=\"wp-block-button is-style-outline\"><a class=\"wp-block-button__link has-text-color has-background\" href=\"https:\/\/hosek.ch\/fr\/kontakt\/aus-meinem-leben\/\" style=\"background-color:#009999;color:#ffffff\">&gt; Portrait du fondateur<\/a><\/div>\n\n\n\n<div class=\"wp-block-button is-style-outline\"><a class=\"wp-block-button__link has-text-color has-background\" href=\"https:\/\/hosek.ch\/fr\/kontakt\/publikationen\/\" style=\"background-color:#009999;color:#ffffff\">&gt; Publications<\/a><\/div>\n<\/div>\n\n\n\n<p><\/p>","protected":false},"excerpt":{"rendered":"<p>Beeinflussungsversuche und Gegenmittel &#8211; Wie kann die Unabh\u00e4ngigkeit von Evaluationen gesch\u00fctzt werden? Fribourg, 4.9.2025; Methodenatelier SEVAL Jahreskongress Diskrepanzmodell, Fallstudie und &#8222;Realist Evaluation&#8220;: Werkzeuge f\u00fcr eine Projektevaluation zur Hebung der Impfrate im europ\u00e4ischen Strafvollzug. Fribourg, 29.8.2024; Methodenatelier SEVAL Jahreskongress A Long and Winding Road &#8211; Innovation in The Swiss Health System. Lausanne, 11.9.2023; Workshop of the&#8230;<\/p>","protected":false},"author":1,"featured_media":5301,"parent":41,"menu_order":0,"comment_status":"closed","ping_status":"closed","template":"","meta":[],"_links":{"self":[{"href":"https:\/\/hosek.ch\/fr\/wp-json\/wp\/v2\/pages\/72"}],"collection":[{"href":"https:\/\/hosek.ch\/fr\/wp-json\/wp\/v2\/pages"}],"about":[{"href":"https:\/\/hosek.ch\/fr\/wp-json\/wp\/v2\/types\/page"}],"author":[{"embeddable":true,"href":"https:\/\/hosek.ch\/fr\/wp-json\/wp\/v2\/users\/1"}],"replies":[{"embeddable":true,"href":"https:\/\/hosek.ch\/fr\/wp-json\/wp\/v2\/comments?post=72"}],"version-history":[{"count":41,"href":"https:\/\/hosek.ch\/fr\/wp-json\/wp\/v2\/pages\/72\/revisions"}],"predecessor-version":[{"id":5531,"href":"https:\/\/hosek.ch\/fr\/wp-json\/wp\/v2\/pages\/72\/revisions\/5531"}],"up":[{"embeddable":true,"href":"https:\/\/hosek.ch\/fr\/wp-json\/wp\/v2\/pages\/41"}],"wp:featuredmedia":[{"embeddable":true,"href":"https:\/\/hosek.ch\/fr\/wp-json\/wp\/v2\/media\/5301"}],"wp:attachment":[{"href":"https:\/\/hosek.ch\/fr\/wp-json\/wp\/v2\/media?parent=72"}],"curies":[{"name":"wp","href":"https:\/\/api.w.org\/{rel}","templated":true}]}}